{"id":44,"date":"2022-01-14T13:14:48","date_gmt":"2022-01-14T13:14:48","guid":{"rendered":"https:\/\/dmca.conversationanalysis.org\/?page_id=44"},"modified":"2022-02-08T20:03:08","modified_gmt":"2022-02-08T20:03:08","slug":"organizing-committee","status":"publish","type":"page","link":"https:\/\/dmca.conversationanalysis.org\/?page_id=44","title":{"rendered":"COMMITTEES"},"content":{"rendered":"\n<div style=\"height:100px\" aria-hidden=\"true\" class=\"wp-block-spacer\"><\/div>\n\n\n\n<p><strong>ORGANIZING COMMITTEE<\/strong><\/p>\n\n\n\n<p><strong>Europe\/Americas\/Africa<\/strong><\/p>\n\n\n\n<p>Leelo Keevalllik &#8211; Link\u00f6ping University<\/p>\n\n\n\n<p>Ana Cristina Ostermann &#8211; Universidade do Vale do Rio dos Sinos<\/p>\n\n\n\n<p>Ufuk Balaman &#8211; Hacettepe University<\/p>\n\n\n\n<p>Eniola Boluwaduro &#8211; Redeemer\u2019s University&nbsp;&nbsp;<\/p>\n\n\n\n<p>Sara Goico &#8211; University of California Los Angeles<\/p>\n\n\n\n<p>Ver\u00f3nica Gonz\u00e1lez Temer &#8211; Universidad Metropolitana de Ciencias de la Educaci\u00f3n<\/p>\n\n\n\n<p>Emily Hofstetter &#8211; Link\u00f6ping University<\/p>\n\n\n\n<p>Uwe K\u00fcttner &#8211; Leibniz Institut f\u00fcr Deutsche Sprache<\/p>\n\n\n\n<p>Luis Manuel Olguin &#8211; University of California Los Angeles<\/p>\n\n\n\n<p>Samuel Schirm &#8211; Universit\u00e4t Bielefeld&nbsp;<\/p>\n\n\n\n<p>Lucas Seuren &#8211; University of Oxford<\/p>\n\n\n\n<p><\/p>\n\n\n\n<p><strong>Asia\/Oceania<\/strong><\/p>\n\n\n\n<p>Rod Gardner &#8211; University of Queensland<\/p>\n\n\n\n<p>Justin Canty &#8211; University of Tasmania<\/p>\n\n\n\n<p>Josh Dahmen &#8211; Macquarie University<\/p>\n\n\n\n<p>Yumei Gan &#8211; Shanghai Jiao Tong University<\/p>\n\n\n\n<p>Elle Henderson &#8211; Victoria University of Wellington<\/p>\n\n\n\n<p>Holly Sansone &#8211; Queensland University of Technology<\/p>\n\n\n\n<p>Emma Tennent &#8211; Victoria University of Wellington<\/p>\n\n\n\n<p>Janet Watts &#8211; University of Queensland<\/p>\n\n\n\n<div style=\"height:100px\" aria-hidden=\"true\" class=\"wp-block-spacer\"><\/div>\n\n\n\n<hr class=\"wp-block-separator\"\/>\n\n\n\n<div style=\"height:100px\" aria-hidden=\"true\" class=\"wp-block-spacer\"><\/div>\n\n\n<p><strong>SCIENTIFIC COMMITTEE<\/strong><\/p>\n<p class=\"MsoNormal\">Amanda Bateman (Waikato)<\/p>\n<p class=\"MsoNormal\">Anna Lindstr\u00f6m (Uppsala)<\/p>\n<p><!-- \/wp:post-content --><!-- wp:paragraph --><\/p>\n<p>Anssi Per\u00e4kyl\u00e4 (Helsinki)<\/p>\n<p><!-- \/wp:paragraph --><!-- wp:paragraph --><\/p>\n<p>Ariel Vasquez (Guadalajara)<\/p>\n<p><!-- \/wp:paragraph --><!-- wp:paragraph --><\/p>\n<p>Arnulf Deppermann (Mannheim)<\/p>\n<p><!-- \/wp:paragraph --><!-- wp:paragraph --><\/p>\n<p>Danielle Pillet-Shore (New Hampshire)<\/p>\n<p><!-- \/wp:paragraph --><!-- wp:paragraph --><\/p>\n<p>Elliott Hoey (Amsterdam)<\/p>\n<p><!-- \/wp:paragraph --><!-- wp:paragraph --><\/p>\n<p>Elwys de Stefani (Heidelberg)<\/p>\n<p><!-- \/wp:paragraph --><!-- wp:paragraph --><\/p>\n<p>Galina Bolden (Rutgers)<\/p>\n<p><!-- \/wp:paragraph --><!-- wp:paragraph --><\/p>\n<p>Ilana Mushin (Queensland)<\/p>\n<p><!-- \/wp:paragraph --><!-- wp:paragraph --><\/p>\n<p>Jakob Cromdal (Link\u00f6ping)<\/p>\n<p><!-- \/wp:paragraph --><!-- wp:paragraph --><\/p>\n<p>Jakob Steensig (\u00c5rhus)<\/p>\n<p><!-- \/wp:paragraph --><!-- wp:paragraph --><\/p>\n<p>Jan Lindstr\u00f6m (Helsinki)<\/p>\n<p><!-- \/wp:paragraph --><!-- wp:paragraph --><\/p>\n<p>Jeffrey Robinson (Rutgers)<\/p>\n<p>John Heritage (York, Los Angeles)<\/p>\n<p><!-- \/wp:paragraph --><!-- wp:paragraph --><\/p>\n<p>Kevin Whitehead (Santa Barbara)<\/p>\n<p><!-- \/wp:paragraph --><\/p>\n<p>Lorenza Mondada (Basel)<\/p>\n<p><!-- \/wp:paragraph --><!-- wp:paragraph --><\/p>\n<p>Makoto Hayashi (Nagoya)<\/p>\n<p>Marilena Fatigante (Rome)<\/p>\n<p><!-- \/wp:paragraph --><!-- wp:paragraph --><\/p>\n<p>Michael Haugh (Queensland)<\/p>\n<p><!-- \/wp:paragraph --><!-- wp:paragraph --><\/p>\n<p>Michie Kawashima (Kyoto)<\/p>\n<p><!-- \/wp:paragraph --><!-- wp:paragraph --><\/p>\n<p>Ni Eng Lim (Nanyang)<\/p>\n<p><!-- \/wp:paragraph --><!-- wp:paragraph --><\/p>\n<p>Olcay Sert (M\u00e4lardalen)<\/p>\n<p><!-- \/wp:paragraph --><!-- wp:paragraph --><\/p>\n<p>Oskar Lindwall (Gothenburg)<\/p>\n<p><!-- \/wp:paragraph --><!-- wp:paragraph --><\/p>\n<p>Pentti Haddington (Oulu)<\/p>\n<p><!-- \/wp:paragraph --><!-- wp:paragraph --><\/p>\n<p>Rein Sikveland (\u00c5lesund)<\/p>\n<p><!-- \/wp:paragraph --><!-- wp:paragraph --><\/p>\n<p>Richard Fitzgerald (Macao)<\/p>\n<p>Sandra Thompson (Santa Barbara)<\/p>\n<p><!-- \/wp:paragraph --><!-- wp:paragraph --><\/p>\n<p>Satomi Kuroshima (Tamagawa)<\/p>\n<p><!-- \/wp:paragraph --><!-- wp:paragraph --><\/p>\n<p>Scott Barnes (Macquarie)<\/p>\n<p><!-- \/wp:paragraph --><!-- wp:paragraph --><\/p>\n<p>Simeon Floyd (San Francisco de Quito)<\/p>\n<p><!-- \/wp:paragraph --><!-- wp:paragraph --><\/p>\n<p>Stephanie Kim (Northridge)<\/p>\n<p><!-- \/wp:paragraph --><!-- wp:paragraph --><\/p>\n<p>Stuart Ekberg (Queensland)<\/p>\n<p><!-- \/wp:paragraph --><!-- wp:paragraph --><\/p>\n<p>Susan Danby (Queensland)<\/p>\n<p><!-- \/wp:paragraph --><!-- wp:paragraph --><\/p>\n<p>Xiaoting Li (Alberta)<\/p>\n<p><!-- \/wp:paragraph --><!-- wp:paragraph --><\/p>\n<p>Yael Maschler (Haifa)<\/p>\n<p><!-- \/wp:paragraph --><!-- wp:paragraph --><\/p>","protected":false},"excerpt":{"rendered":"<p>ORGANIZING COMMITTEE Europe\/Americas\/Africa Leelo Keevalllik &#8211; Link\u00f6ping University Ana Cristina Ostermann &#8211; Universidade do Vale do Rio dos Sinos Ufuk Balaman &#8211; Hacettepe University Eniola Boluwaduro &#8211; Redeemer\u2019s University&nbsp;&nbsp; Sara Goico &#8211; University of California Los Angeles Ver\u00f3nica Gonz\u00e1lez Temer &#8211; Universidad Metropolitana de Ciencias de la Educaci\u00f3n Emily Hofstetter &#8211; Link\u00f6ping University Uwe K\u00fcttner [&hellip;]<\/p>\n","protected":false},"author":3,"featured_media":0,"parent":0,"menu_order":0,"comment_status":"closed","ping_status":"closed","template":"","meta":{"nf_dc_page":"","footnotes":""},"class_list":["post-44","page","type-page","status-publish","hentry"],"jetpack_sharing_enabled":true,"_links":{"self":[{"href":"https:\/\/dmca.conversationanalysis.org\/index.php?rest_route=\/wp\/v2\/pages\/44","targetHints":{"allow":["GET"]}}],"collection":[{"href":"https:\/\/dmca.conversationanalysis.org\/index.php?rest_route=\/wp\/v2\/pages"}],"about":[{"href":"https:\/\/dmca.conversationanalysis.org\/index.php?rest_route=\/wp\/v2\/types\/page"}],"author":[{"embeddable":true,"href":"https:\/\/dmca.conversationanalysis.org\/index.php?rest_route=\/wp\/v2\/users\/3"}],"replies":[{"embeddable":true,"href":"https:\/\/dmca.conversationanalysis.org\/index.php?rest_route=%2Fwp%2Fv2%2Fcomments&post=44"}],"version-history":[{"count":5,"href":"https:\/\/dmca.conversationanalysis.org\/index.php?rest_route=\/wp\/v2\/pages\/44\/revisions"}],"predecessor-version":[{"id":208,"href":"https:\/\/dmca.conversationanalysis.org\/index.php?rest_route=\/wp\/v2\/pages\/44\/revisions\/208"}],"wp:attachment":[{"href":"https:\/\/dmca.conversationanalysis.org\/index.php?rest_route=%2Fwp%2Fv2%2Fmedia&parent=44"}],"curies":[{"name":"wp","href":"https:\/\/api.w.org\/{rel}","templated":true}]}}